{"id":11,"date":"2021-09-23T20:28:16","date_gmt":"2021-09-23T20:28:16","guid":{"rendered":"https:\/\/startertemplatecloud.com\/g17\/?page_id=11"},"modified":"2023-04-24T20:53:03","modified_gmt":"2023-04-24T18:53:03","slug":"contact","status":"publish","type":"page","link":"https:\/\/motylek.com.pl\/index.php\/contact\/","title":{"rendered":"Konakt"},"content":{"rendered":"<style>.kb-row-layout-id_e428cd-bf > .kt-row-column-wrap{align-content:start;}:where(.kb-row-layout-id_e428cd-bf > .kt-row-column-wrap) > .wp-block-kadence-column{justify-content:start;}.kb-row-layout-id_e428cd-bf > .kt-row-column-wrap{column-gap:var(--global-kb-gap-md, 2rem);row-gap:var(--global-kb-gap-md, 2rem);max-width:var( --global-content-width, 1290px );padding-left:var(--global-content-edge-padding);padding-right:var(--global-content-edge-padding);padding-top:80px;padding-bottom:80px;grid-template-columns:minmax(0, 1fr);}.kb-row-layout-id_e428cd-bf{background-image:url('https:\/\/startertemplatecloud.com\/g17\/wp-content\/uploads\/sites\/37\/2021\/09\/kid-science-1-min-scaled.jpeg');background-size:cover;background-position:49% 64%;background-attachment:scroll;background-repeat:no-repeat;}.kb-row-layout-id_e428cd-bf > .kt-row-layout-overlay{opacity:0.30;background-color:var(--global-palette3, #1A202C);}@media all and (max-width: 1024px){.kb-row-layout-id_e428cd-bf > .kt-row-column-wrap{grid-template-columns:minmax(0, 1fr);}}@media all and (max-width: 767px){.kb-row-layout-id_e428cd-bf > .kt-row-column-wrap{grid-template-columns:minmax(0, 1fr);}}<\/style><div class=\"kb-row-layout-wrap kb-row-layout-id_e428cd-bf alignnone kt-row-has-bg wp-block-kadence-rowlayout\"><div class=\"kt-row-layout-overlay kt-row-overlay-normal\"><\/div><div class=\"kt-row-column-wrap kt-has-1-columns kt-row-layout-equal kt-tab-layout-inherit kt-mobile-layout-row kt-row-valign-top kb-theme-content-width\">\n<style>.kadence-column_1ea318-ca > .kt-inside-inner-col,.kadence-column_1ea318-ca > .kt-inside-inner-col:before{border-top-left-radius:0px;border-top-right-radius:0px;border-bottom-right-radius:0px;border-bottom-left-radius:0px;}.kadence-column_1ea318-ca > .kt-inside-inner-col:before{opacity:0.3;}.kadence-column_1ea318-ca{position:relative;}<\/style>\n<div class=\"wp-block-kadence-column kadence-column_1ea318-ca inner-column-1\"><div class=\"kt-inside-inner-col\"><style>.wp-block-kadence-advancedheading.kt-adv-heading_0eeac4-57, .wp-block-kadence-advancedheading.kt-adv-heading_0eeac4-57[data-kb-block=\"kb-adv-heading_0eeac4-57\"]{text-align:center;font-weight:400;font-style:normal;font-family:'Lilita One';color:#ffffff;}.wp-block-kadence-advancedheading.kt-adv-heading_0eeac4-57 mark, .wp-block-kadence-advancedheading.kt-adv-heading_0eeac4-57[data-kb-block=\"kb-adv-heading_0eeac4-57\"] mark{font-style:normal;color:#f76a0c;padding-top:0px;padding-right:0px;padding-bottom:0px;padding-left:0px;}<\/style>\n<h1 class=\"kt-adv-heading_0eeac4-57 wp-block-kadence-advancedheading\" data-kb-block=\"kb-adv-heading_0eeac4-57\">Kontakt<\/h1>\n<\/div><\/div>\n\n<\/div><\/div>\n\n<style>.kb-row-layout-id_e8bafa-c7 > .kt-row-column-wrap{align-content:start;}:where(.kb-row-layout-id_e8bafa-c7 > .kt-row-column-wrap) > .wp-block-kadence-column{justify-content:start;}.kb-row-layout-id_e8bafa-c7 > .kt-row-column-wrap{column-gap:var(--global-kb-gap-lg, 4rem);row-gap:var(--global-kb-gap-md, 2rem);max-width:var( --global-content-width, 1290px );padding-left:var(--global-content-edge-padding);padding-right:var(--global-content-edge-padding);padding-top:100px;padding-bottom:100px;grid-template-columns:minmax(0, 56.7%) minmax(0, 43.3%);}.kb-row-layout-id_e8bafa-c7 > .kt-row-layout-overlay{opacity:0.30;}@media all and (max-width: 1024px){.kb-row-layout-id_e8bafa-c7 > .kt-row-column-wrap{grid-template-columns:repeat(2, minmax(0, 1fr));}}@media all and (max-width: 767px){.kb-row-layout-id_e8bafa-c7 > .kt-row-column-wrap{grid-template-columns:minmax(0, 1fr);}}<\/style><div class=\"kb-row-layout-wrap kb-row-layout-id_e8bafa-c7 alignnone has-theme-palette7-background-color kt-row-has-bg wp-block-kadence-rowlayout\"><div class=\"kt-row-column-wrap kt-has-2-columns kt-row-layout-equal kt-tab-layout-inherit kt-mobile-layout-row kt-row-valign-top kb-theme-content-width\">\n<style>.kadence-column_79bf6a-98 > .kt-inside-inner-col,.kadence-column_79bf6a-98 > .kt-inside-inner-col:before{border-top-left-radius:0px;border-top-right-radius:0px;border-bottom-right-radius:0px;border-bottom-left-radius:0px;}.kadence-column_79bf6a-98 > .kt-inside-inner-col:before{opacity:0.3;}.kadence-column_79bf6a-98{position:relative;}<\/style>\n<div class=\"wp-block-kadence-column kadence-column_79bf6a-98 inner-column-1\"><div class=\"kt-inside-inner-col\"><style>.wp-block-kadence-advancedheading.kt-adv-heading_2b207c-c9, .wp-block-kadence-advancedheading.kt-adv-heading_2b207c-c9[data-kb-block=\"kb-adv-heading_2b207c-c9\"]{font-weight:400;font-style:normal;font-family:'Lilita One';letter-spacing:1px;}.wp-block-kadence-advancedheading.kt-adv-heading_2b207c-c9 mark, .wp-block-kadence-advancedheading.kt-adv-heading_2b207c-c9[data-kb-block=\"kb-adv-heading_2b207c-c9\"] mark{font-style:normal;color:#f76a0c;padding-top:0px;padding-right:0px;padding-bottom:0px;padding-left:0px;}<\/style>\n<h2 class=\"kt-adv-heading_2b207c-c9 wp-block-kadence-advancedheading has-theme-palette-3-color has-text-color\" data-kb-block=\"kb-adv-heading_2b207c-c9\">Napisz do nas<\/h2>\n\n\n<style>.kb-row-layout-id_e83729-84 > .kt-row-column-wrap{align-content:start;}:where(.kb-row-layout-id_e83729-84 > .kt-row-column-wrap) > .wp-block-kadence-column{justify-content:start;}.kb-row-layout-id_e83729-84 > .kt-row-column-wrap{column-gap:var(--global-kb-gap-md, 2rem);row-gap:var(--global-kb-gap-md, 2rem);padding-top:var(--global-kb-spacing-sm, 1.5rem);padding-bottom:var(--global-kb-spacing-sm, 1.5rem);grid-template-columns:minmax(0, 45%) minmax(0, 55%);}.kb-row-layout-id_e83729-84 > .kt-row-layout-overlay{opacity:0.30;}@media all and (max-width: 1024px){.kb-row-layout-id_e83729-84 > .kt-row-column-wrap{grid-template-columns:repeat(2, minmax(0, 1fr));}}@media all and (max-width: 767px){.kb-row-layout-id_e83729-84 > .kt-row-column-wrap{grid-template-columns:minmax(0, 1fr);}}<\/style><div class=\"kb-row-layout-wrap kb-row-layout-id_e83729-84 alignnone wp-block-kadence-rowlayout\"><div class=\"kt-row-column-wrap kt-has-2-columns kt-row-layout-equal kt-tab-layout-inherit kt-mobile-layout-row kt-row-valign-top\">\n<style>.kadence-column_fcd173-77 > .kt-inside-inner-col,.kadence-column_fcd173-77 > .kt-inside-inner-col:before{border-top-left-radius:0px;border-top-right-radius:0px;border-bottom-right-radius:0px;border-bottom-left-radius:0px;}.kadence-column_fcd173-77 > .kt-inside-inner-col:before{opacity:0.3;}.kadence-column_fcd173-77{position:relative;}<\/style>\n<div class=\"wp-block-kadence-column kadence-column_fcd173-77 inner-column-1\"><div class=\"kt-inside-inner-col\"><style>.kt-info-box_01c34f-d9 .kt-blocks-info-box-link-wrap{border-top-left-radius:30px;border-top-right-radius:30px;border-bottom-right-radius:30px;border-bottom-left-radius:30px;background:rgba(242, 242, 242, 0);padding-top:10px;padding-right:0px;padding-bottom:10px;padding-left:0px;}.kt-info-box_01c34f-d9 .kt-blocks-info-box-link-wrap:hover{background:rgba(255, 255, 255, 0);}.kt-info-box_01c34f-d9 .kt-info-svg-icon, .kt-info-box_01c34f-d9 .kt-info-svg-icon-flip, .kt-info-box_01c34f-d9 .kt-blocks-info-box-number{font-size:30px;}.kt-info-box_01c34f-d9 .kt-blocks-info-box-media{color:var(--global-palette2, #2B6CB0);background:var(--global-palette8, #F7FAFC);border-color:var(--global-palette2, #2B6CB0);border-radius:200px;border-top-width:3px;border-right-width:3px;border-bottom-width:3px;border-left-width:3px;padding-top:13px;padding-right:13px;padding-bottom:13px;padding-left:13px;margin-top:0px;margin-right:20px;margin-bottom:0px;margin-left:0px;}.kt-info-box_01c34f-d9 .kt-blocks-info-box-media .kadence-info-box-image-intrisic img{border-radius:200px;}.kt-info-box_01c34f-d9 .kt-blocks-info-box-link-wrap:hover .kt-blocks-info-box-media{color:var(--global-palette2, #2B6CB0);background:var(--global-palette8, #F7FAFC);border-color:var(--global-palette2, #2B6CB0);}.kt-info-box_01c34f-d9 h2.kt-blocks-info-box-title{color:var(--global-palette4, #2D3748);font-family:'Lilita One';font-style:normal;font-weight:400;padding-top:0px;padding-right:0px;padding-bottom:0px;padding-left:0px;margin-top:5px;margin-right:0px;margin-bottom:10px;margin-left:0px;}.kt-info-box_01c34f-d9 .kt-blocks-info-box-text{color:var(--global-palette4, #2D3748);}.kt-info-box_01c34f-d9 .kt-blocks-info-box-learnmore{background:transparent;border-color:#555555;border-width:0px 0px 0px 0px;padding-top:4px;padding-right:8px;padding-bottom:4px;padding-left:8px;margin:10px 0px 10px 0px;}.kt-info-box_01c34f-d9 .kt-blocks-info-box-link-wrap:hover .kt-blocks-info-box-learnmore{color:#ffffff;background:#444444;border-color:#444444;}<\/style>\n<div class=\"wp-block-kadence-infobox kt-info-box_01c34f-d9\"><div class=\"kt-blocks-info-box-link-wrap kt-blocks-info-box-media-align-left kt-info-halign-left kb-info-box-vertical-media-align-top\"><div class=\"kt-blocks-info-box-media-container\"><div class=\"kt-blocks-info-box-media kt-info-media-animate-none\"><div class=\"kadence-info-box-icon-container kt-info-icon-animate-none\"><div class=\"kadence-info-box-icon-inner-container\"><span class=\"kb-svg-icon-wrap kb-svg-icon-fe_mail kt-info-svg-icon\"><svg viewBox=\"0 0 24 24\"  fill=\"none\" stroke=\"currentColor\" stroke-width=\"2\" stroke-linecap=\"round\" stroke-linejoin=\"round\" xmlns=\"http:\/\/www.w3.org\/2000\/svg\" ><path d=\"M4 4h16c1.1 0 2 .9 2 2v12c0 1.1-.9 2-2 2H4c-1.1 0-2-.9-2-2V6c0-1.1.9-2 2-2z\"\/><polyline points=\"22,6 12,13 2,6\"\/><\/svg><\/span><\/div><\/div><\/div><\/div><div class=\"kt-infobox-textcontent\"><h2 class=\"kt-blocks-info-box-title\">Email<\/h2><p class=\"kt-blocks-info-box-text\"><meta charset=\"utf-8\"\/>kinga.frydrych@outlook..com<\/p><\/div><\/div><\/div>\n\n\n<style>.kt-info-box_bc69c0-d2 .kt-blocks-info-box-link-wrap{border-top-left-radius:30px;border-top-right-radius:30px;border-bottom-right-radius:30px;border-bottom-left-radius:30px;background:rgba(242, 242, 242, 0);padding-top:10px;padding-right:0px;padding-bottom:10px;padding-left:0px;}.kt-info-box_bc69c0-d2 .kt-blocks-info-box-link-wrap:hover{background:rgba(255, 255, 255, 0);}.kt-info-box_bc69c0-d2 .kt-info-svg-icon, .kt-info-box_bc69c0-d2 .kt-info-svg-icon-flip, .kt-info-box_bc69c0-d2 .kt-blocks-info-box-number{font-size:30px;}.kt-info-box_bc69c0-d2 .kt-blocks-info-box-media{color:var(--global-palette2, #2B6CB0);background:var(--global-palette8, #F7FAFC);border-color:var(--global-palette2, #2B6CB0);border-radius:200px;border-top-width:3px;border-right-width:3px;border-bottom-width:3px;border-left-width:3px;padding-top:13px;padding-right:13px;padding-bottom:13px;padding-left:13px;margin-top:0px;margin-right:20px;margin-bottom:0px;margin-left:0px;}.kt-info-box_bc69c0-d2 .kt-blocks-info-box-media .kadence-info-box-image-intrisic img{border-radius:200px;}.kt-info-box_bc69c0-d2 .kt-blocks-info-box-link-wrap:hover .kt-blocks-info-box-media{color:var(--global-palette2, #2B6CB0);background:var(--global-palette8, #F7FAFC);border-color:var(--global-palette2, #2B6CB0);}.kt-info-box_bc69c0-d2 h2.kt-blocks-info-box-title{color:var(--global-palette4, #2D3748);font-family:'Lilita One';font-style:normal;font-weight:400;padding-top:0px;padding-right:0px;padding-bottom:0px;padding-left:0px;margin-top:5px;margin-right:0px;margin-bottom:10px;margin-left:0px;}.kt-info-box_bc69c0-d2 .kt-blocks-info-box-text{color:var(--global-palette4, #2D3748);}.kt-info-box_bc69c0-d2 .kt-blocks-info-box-learnmore{background:transparent;border-color:#555555;border-width:0px 0px 0px 0px;padding-top:4px;padding-right:8px;padding-bottom:4px;padding-left:8px;margin:10px 0px 10px 0px;}.kt-info-box_bc69c0-d2 .kt-blocks-info-box-link-wrap:hover .kt-blocks-info-box-learnmore{color:#ffffff;background:#444444;border-color:#444444;}<\/style>\n<div class=\"wp-block-kadence-infobox kt-info-box_bc69c0-d2\"><div class=\"kt-blocks-info-box-link-wrap kt-blocks-info-box-media-align-left kt-info-halign-left kb-info-box-vertical-media-align-top\"><div class=\"kt-blocks-info-box-media-container\"><div class=\"kt-blocks-info-box-media kt-info-media-animate-none\"><div class=\"kadence-info-box-icon-container kt-info-icon-animate-none\"><div class=\"kadence-info-box-icon-inner-container\"><span class=\"kb-svg-icon-wrap kb-svg-icon-fe_phoneCall kt-info-svg-icon\"><svg viewBox=\"0 0 24 24\"  fill=\"none\" stroke=\"currentColor\" stroke-width=\"2\" stroke-linecap=\"round\" stroke-linejoin=\"round\" xmlns=\"http:\/\/www.w3.org\/2000\/svg\" ><path d=\"M15.05 5A5 5 0 0 1 19 8.95M15.05 1A9 9 0 0 1 23 8.94m-1 7.98v3a2 2 0 0 1-2.18 2 19.79 19.79 0 0 1-8.63-3.07 19.5 19.5 0 0 1-6-6 19.79 19.79 0 0 1-3.07-8.67A2 2 0 0 1 4.11 2h3a2 2 0 0 1 2 1.72 12.84 12.84 0 0 0 .7 2.81 2 2 0 0 1-.45 2.11L8.09 9.91a16 16 0 0 0 6 6l1.27-1.27a2 2 0 0 1 2.11-.45 12.84 12.84 0 0 0 2.81.7A2 2 0 0 1 22 16.92z\"\/><\/svg><\/span><\/div><\/div><\/div><\/div><div class=\"kt-infobox-textcontent\"><h2 class=\"kt-blocks-info-box-title\">Telefon<\/h2><p class=\"kt-blocks-info-box-text\"><meta charset=\"utf-8\"\/><meta charset=\"utf-8\"\/><meta charset=\"utf-8\"\/>798 684 957<\/p><\/div><\/div><\/div>\n<\/div><\/div>\n\n\n<style>.kadence-column_4f3428-87 > .kt-inside-inner-col,.kadence-column_4f3428-87 > .kt-inside-inner-col:before{border-top-left-radius:0px;border-top-right-radius:0px;border-bottom-right-radius:0px;border-bottom-left-radius:0px;}.kadence-column_4f3428-87 > .kt-inside-inner-col:before{opacity:0.3;}.kadence-column_4f3428-87{position:relative;}<\/style>\n<div class=\"wp-block-kadence-column kadence-column_4f3428-87 inner-column-2\"><div class=\"kt-inside-inner-col\"><style>.kt-info-box_c50b84-ef .kt-blocks-info-box-link-wrap{border-top-left-radius:30px;border-top-right-radius:30px;border-bottom-right-radius:30px;border-bottom-left-radius:30px;background:rgba(242, 242, 242, 0);padding-top:10px;padding-right:0px;padding-bottom:10px;padding-left:0px;}.kt-info-box_c50b84-ef .kt-blocks-info-box-link-wrap:hover{background:rgba(255, 255, 255, 0);}.kt-info-box_c50b84-ef .kt-info-svg-icon, .kt-info-box_c50b84-ef .kt-info-svg-icon-flip, .kt-info-box_c50b84-ef .kt-blocks-info-box-number{font-size:30px;}.kt-info-box_c50b84-ef .kt-blocks-info-box-media{color:var(--global-palette2, #2B6CB0);background:var(--global-palette8, #F7FAFC);border-color:var(--global-palette2, #2B6CB0);border-radius:200px;border-top-width:3px;border-right-width:3px;border-bottom-width:3px;border-left-width:3px;padding-top:13px;padding-right:13px;padding-bottom:13px;padding-left:13px;margin-top:0px;margin-right:20px;margin-bottom:0px;margin-left:0px;}.kt-info-box_c50b84-ef .kt-blocks-info-box-media .kadence-info-box-image-intrisic img{border-radius:200px;}.kt-info-box_c50b84-ef .kt-blocks-info-box-link-wrap:hover .kt-blocks-info-box-media{color:var(--global-palette2, #2B6CB0);background:var(--global-palette8, #F7FAFC);border-color:var(--global-palette2, #2B6CB0);}.kt-info-box_c50b84-ef h2.kt-blocks-info-box-title{color:var(--global-palette4, #2D3748);font-family:'Lilita One';font-style:normal;font-weight:400;padding-top:0px;padding-right:0px;padding-bottom:0px;padding-left:0px;margin-top:5px;margin-right:0px;margin-bottom:10px;margin-left:0px;}.kt-info-box_c50b84-ef .kt-blocks-info-box-text{color:var(--global-palette4, #2D3748);}.kt-info-box_c50b84-ef .kt-blocks-info-box-learnmore{background:transparent;border-color:#555555;border-width:0px 0px 0px 0px;padding-top:4px;padding-right:8px;padding-bottom:4px;padding-left:8px;margin:10px 0px 10px 0px;}.kt-info-box_c50b84-ef .kt-blocks-info-box-link-wrap:hover .kt-blocks-info-box-learnmore{color:#ffffff;background:#444444;border-color:#444444;}<\/style>\n<div class=\"wp-block-kadence-infobox kt-info-box_c50b84-ef\"><div class=\"kt-blocks-info-box-link-wrap kt-blocks-info-box-media-align-left kt-info-halign-left kb-info-box-vertical-media-align-top\"><div class=\"kt-blocks-info-box-media-container\"><div class=\"kt-blocks-info-box-media kt-info-media-animate-none\"><div class=\"kadence-info-box-icon-container kt-info-icon-animate-none\"><div class=\"kadence-info-box-icon-inner-container\"><span class=\"kb-svg-icon-wrap kb-svg-icon-fe_map kt-info-svg-icon\"><svg viewBox=\"0 0 24 24\"  fill=\"none\" stroke=\"currentColor\" stroke-width=\"2\" stroke-linecap=\"round\" stroke-linejoin=\"round\" xmlns=\"http:\/\/www.w3.org\/2000\/svg\" ><polygon points=\"1 6 1 22 8 18 16 22 23 18 23 2 16 6 8 2 1 6\"\/><line x1=\"8\" y1=\"2\" x2=\"8\" y2=\"18\"\/><line x1=\"16\" y1=\"6\" x2=\"16\" y2=\"22\"\/><\/svg><\/span><\/div><\/div><\/div><\/div><div class=\"kt-infobox-textcontent\"><h2 class=\"kt-blocks-info-box-title\">Adres<\/h2><p class=\"kt-blocks-info-box-text\"><meta charset=\"utf-8\"\/><meta charset=\"utf-8\"\/>Zwole\u0144 26-700, ul. \u015awi\u0119tej Anny 22<meta charset=\"utf-8\"\/><meta charset=\"utf-8\"\/><\/p><\/div><\/div><\/div>\n\n\n<style>.kt-info-box_1fdf53-d1 .kt-blocks-info-box-link-wrap{border-top-left-radius:30px;border-top-right-radius:30px;border-bottom-right-radius:30px;border-bottom-left-radius:30px;background:rgba(242, 242, 242, 0);padding-top:10px;padding-right:0px;padding-bottom:10px;padding-left:0px;}.kt-info-box_1fdf53-d1 .kt-blocks-info-box-link-wrap:hover{background:rgba(255, 255, 255, 0);}.kt-info-box_1fdf53-d1 .kt-info-svg-icon, .kt-info-box_1fdf53-d1 .kt-info-svg-icon-flip, .kt-info-box_1fdf53-d1 .kt-blocks-info-box-number{font-size:30px;}.kt-info-box_1fdf53-d1 .kt-blocks-info-box-media{color:var(--global-palette2, #2B6CB0);background:var(--global-palette8, #F7FAFC);border-color:var(--global-palette2, #2B6CB0);border-radius:200px;border-top-width:3px;border-right-width:3px;border-bottom-width:3px;border-left-width:3px;padding-top:13px;padding-right:13px;padding-bottom:13px;padding-left:13px;margin-top:0px;margin-right:20px;margin-bottom:0px;margin-left:0px;}.kt-info-box_1fdf53-d1 .kt-blocks-info-box-media .kadence-info-box-image-intrisic img{border-radius:200px;}.kt-info-box_1fdf53-d1 .kt-blocks-info-box-link-wrap:hover .kt-blocks-info-box-media{color:var(--global-palette2, #2B6CB0);background:var(--global-palette8, #F7FAFC);border-color:var(--global-palette2, #2B6CB0);}.kt-info-box_1fdf53-d1 h2.kt-blocks-info-box-title{color:var(--global-palette4, #2D3748);font-family:'Lilita One';font-style:normal;font-weight:400;padding-top:0px;padding-right:0px;padding-bottom:0px;padding-left:0px;margin-top:5px;margin-right:0px;margin-bottom:10px;margin-left:0px;}.kt-info-box_1fdf53-d1 .kt-blocks-info-box-text{color:var(--global-palette4, #2D3748);}.kt-info-box_1fdf53-d1 .kt-blocks-info-box-learnmore{background:transparent;border-color:#555555;border-width:0px 0px 0px 0px;padding-top:4px;padding-right:8px;padding-bottom:4px;padding-left:8px;margin:10px 0px 10px 0px;}.kt-info-box_1fdf53-d1 .kt-blocks-info-box-link-wrap:hover .kt-blocks-info-box-learnmore{color:#ffffff;background:#444444;border-color:#444444;}<\/style>\n<div class=\"wp-block-kadence-infobox kt-info-box_1fdf53-d1\"><div class=\"kt-blocks-info-box-link-wrap kt-blocks-info-box-media-align-left kt-info-halign-left kb-info-box-vertical-media-align-top\"><div class=\"kt-blocks-info-box-media-container\"><div class=\"kt-blocks-info-box-media kt-info-media-animate-none\"><div class=\"kadence-info-box-icon-container kt-info-icon-animate-none\"><div class=\"kadence-info-box-icon-inner-container\"><span class=\"kb-svg-icon-wrap kb-svg-icon-fe_clock kt-info-svg-icon\"><svg viewBox=\"0 0 24 24\"  fill=\"none\" stroke=\"currentColor\" stroke-width=\"2\" stroke-linecap=\"round\" stroke-linejoin=\"round\" xmlns=\"http:\/\/www.w3.org\/2000\/svg\" ><circle cx=\"12\" cy=\"12\" r=\"10\"\/><polyline points=\"12 6 12 12 16 14\"\/><\/svg><\/span><\/div><\/div><\/div><\/div><div class=\"kt-infobox-textcontent\"><h2 class=\"kt-blocks-info-box-title\">Godziny otwarcia<\/h2><p class=\"kt-blocks-info-box-text\"><meta charset=\"utf-8\"\/><meta charset=\"utf-8\"\/><meta charset=\"utf-8\"\/><meta charset=\"utf-8\"\/><meta charset=\"utf-8\"\/>Poniedzia\u0142ek &#8211; Pi\u0105tek : 7:00 &#8211; 18:00 <\/p><\/div><\/div><\/div>\n<\/div><\/div>\n\n<\/div><\/div><\/div><\/div>\n\n\n<style>.kadence-column_7cc097-6d > .kt-inside-inner-col{padding-top:30px;padding-right:30px;padding-bottom:30px;padding-left:30px;}.kadence-column_7cc097-6d > .kt-inside-inner-col{border-top:3px solid var(--global-palette1, #3182CE);border-right:3px solid var(--global-palette1, #3182CE);border-bottom:3px solid var(--global-palette1, #3182CE);border-left:3px solid var(--global-palette1, #3182CE);}.kadence-column_7cc097-6d > .kt-inside-inner-col,.kadence-column_7cc097-6d > .kt-inside-inner-col:before{border-top-left-radius:50px;border-top-right-radius:50px;border-bottom-right-radius:50px;border-bottom-left-radius:50px;}.kadence-column_7cc097-6d > .kt-inside-inner-col{background-color:var(--global-palette8, #F7FAFC);}.kadence-column_7cc097-6d > .kt-inside-inner-col:before{opacity:0.3;}.kadence-column_7cc097-6d{position:relative;}@media all and (max-width: 1024px){.kadence-column_7cc097-6d > .kt-inside-inner-col{border-top:3px solid var(--global-palette1, #3182CE);border-right:3px solid var(--global-palette1, #3182CE);border-bottom:3px solid var(--global-palette1, #3182CE);border-left:3px solid var(--global-palette1, #3182CE);}}@media all and (max-width: 767px){.kadence-column_7cc097-6d > .kt-inside-inner-col{border-top:3px solid var(--global-palette1, #3182CE);border-right:3px solid var(--global-palette1, #3182CE);border-bottom:3px solid var(--global-palette1, #3182CE);border-left:3px solid var(--global-palette1, #3182CE);}}<\/style>\n<div class=\"wp-block-kadence-column kadence-column_7cc097-6d\"><div class=\"kt-inside-inner-col\">\n<div class=\"wp-block-kadence-form kadence-form-_f38917-d3 kb-form-wrap\"><form class=\"kb-form\" action=\"\" method=\"post\">\n<div class=\"kadence-blocks-form-field kb-field-desk-width-50 kb-input-size-standard\"><input id=\"kb_field__f38917-d3_0\" class=\"kb-field kb-text-style-field kb-text-field kb-field-0\" name=\"kb_field_0\" type=\"text\" value=\"\" placeholder=\"Imi\u0119\" data-label=\" \" data-type=\"text\" \/><\/div>\n<div class=\"kadence-blocks-form-field kb-form-field-1 kb-field-desk-width-50 kb-input-size-standard\"><input id=\"kb_field__f38917-d3_1\" class=\"kb-field kb-text-style-field kb-text-field kb-field-1\" name=\"kb_field_1\" type=\"text\" value=\"\" placeholder=\"Nazwisko\" data-label=\"Imi\u0119\" data-type=\"text\" \/><\/div>\n<div class=\"kadence-blocks-form-field kb-form-field-2 kb-field-desk-width-100 kb-input-size-standard\"><input id=\"kb_field__f38917-d3_2\" class=\"kb-field kb-text-style-field kb-email-field kb-field-2\" name=\"kb_field_2\" type=\"email\" value=\"\" placeholder=\"Email\" data-label=\"Email\" data-type=\"email\" data-required=\"yes\" \/><\/div>\n<div class=\"kadence-blocks-form-field kb-form-field-3 kb-field-desk-width-100 kb-input-size-standard\"><input id=\"kb_field__f38917-d3_3\" class=\"kb-field kb-text-style-field kb-text-field kb-field-3\" name=\"kb_field_3\" type=\"text\" value=\"\" placeholder=\"Temat\" data-label=\"Subject\" data-type=\"text\" \/><\/div>\n<div class=\"kadence-blocks-form-field kb-form-field-4 kb-field-desk-width-100 kb-input-size-standard\"><textarea id=\"kb_field__f38917-d3_4\" class=\"kb-field kb-text-style-field kb-textarea-field kb-field-4\" name=\"kb_field_4\" rows=\"4\" placeholder=\"Wiadomo\u015b\u0107\" data-label=\"Message\" data-type=\"textarea\" data-required=\"yes\"><\/textarea><\/div>\n<p><input name=\"_kb_form_id\" type=\"hidden\" value=\"_f38917-d3\" \/><input name=\"_kb_form_post_id\" type=\"hidden\" value=\"11\" \/><input name=\"action\" type=\"hidden\" value=\"kb_process_ajax_submit\" \/><input class=\"kadence-blocks-field verify\" tabindex=\"-1\" autocomplete=\"off\" name=\"_kb_verify_email\" type=\"text\" placeholder=\"Email\" aria-hidden=\"true\" \/><\/p>\n<div class=\"kadence-blocks-form-field kb-submit-field kb-field-desk-width-100\"><button class=\"kb-forms-submit button kb-button-size-standard kb-button-width-full\">Wy\u015blij wiadomo\u015b\u0107<\/button><\/div>\n<\/form><\/div>\n<\/div><\/div>\n\n<\/div><\/div>","protected":false},"excerpt":{"rendered":"<p>Kontakt Napisz do nas Wy\u015blij wiadomo\u015b\u0107<\/p>\n","protected":false},"author":1,"featured_media":366,"parent":0,"menu_order":0,"comment_status":"closed","ping_status":"closed","template":"","meta":{"_eb_attr":"","_kad_post_transparent":"","_kad_post_title":"","_kad_post_layout":"fullwidth","_kad_post_sidebar_id":"","_kad_post_content_style":"unboxed","_kad_post_vertical_padding":"","_kad_post_feature":"","_kad_post_feature_position":"","_kad_post_header":false,"_kad_post_footer":false,"footnotes":""},"class_list":["post-11","page","type-page","status-publish","has-post-thumbnail","hentry"],"_links":{"self":[{"href":"https:\/\/motylek.com.pl\/index.php\/wp-json\/wp\/v2\/pages\/11","targetHints":{"allow":["GET"]}}],"collection":[{"href":"https:\/\/motylek.com.pl\/index.php\/wp-json\/wp\/v2\/pages"}],"about":[{"href":"https:\/\/motylek.com.pl\/index.php\/wp-json\/wp\/v2\/types\/page"}],"author":[{"embeddable":true,"href":"https:\/\/motylek.com.pl\/index.php\/wp-json\/wp\/v2\/users\/1"}],"replies":[{"embeddable":true,"href":"https:\/\/motylek.com.pl\/index.php\/wp-json\/wp\/v2\/comments?post=11"}],"version-history":[{"count":4,"href":"https:\/\/motylek.com.pl\/index.php\/wp-json\/wp\/v2\/pages\/11\/revisions"}],"predecessor-version":[{"id":847,"href":"https:\/\/motylek.com.pl\/index.php\/wp-json\/wp\/v2\/pages\/11\/revisions\/847"}],"wp:featuredmedia":[{"embeddable":true,"href":"https:\/\/motylek.com.pl\/index.php\/wp-json\/wp\/v2\/media\/366"}],"wp:attachment":[{"href":"https:\/\/motylek.com.pl\/index.php\/wp-json\/wp\/v2\/media?parent=11"}],"curies":[{"name":"wp","href":"https:\/\/api.w.org\/{rel}","templated":true}]}}