{"id":573,"date":"2023-04-17T20:35:03","date_gmt":"2023-04-17T18:35:03","guid":{"rendered":"https:\/\/motylek.com.pl\/?page_id=573"},"modified":"2023-04-17T21:01:21","modified_gmt":"2023-04-17T19:01:21","slug":"informacje-o-przedszkolu-motylek","status":"publish","type":"page","link":"https:\/\/motylek.com.pl\/index.php\/informacje-o-przedszkolu-motylek\/","title":{"rendered":"Informacje o Przedszkolu Motylek"},"content":{"rendered":"<style>.kb-row-layout-id_6f110e-e7 > .kt-row-column-wrap{align-content:start;}:where(.kb-row-layout-id_6f110e-e7 > .kt-row-column-wrap) > .wp-block-kadence-column{justify-content:start;}.kb-row-layout-id_6f110e-e7 > .kt-row-column-wrap{column-gap:var(--global-kb-gap-md, 2rem);row-gap:var(--global-kb-gap-md, 2rem);max-width:1000px;margin-left:auto;margin-right:auto;padding-top:var(--global-kb-spacing-sm, 1.5rem);padding-bottom:var(--global-kb-spacing-sm, 1.5rem);grid-template-columns:repeat(2, minmax(0, 1fr));}.kb-row-layout-id_6f110e-e7{background-color:#e9e6ac;}.kb-row-layout-id_6f110e-e7 > .kt-row-layout-overlay{opacity:0.30;}@media all and (max-width: 1024px){.kb-row-layout-id_6f110e-e7 > .kt-row-column-wrap{grid-template-columns:repeat(2, minmax(0, 1fr));}}@media all and (max-width: 767px){.kb-row-layout-id_6f110e-e7 > .kt-row-column-wrap{grid-template-columns:minmax(0, 1fr);}}<\/style><div class=\"kb-row-layout-wrap kb-row-layout-id_6f110e-e7 alignnone kt-row-has-bg wp-block-kadence-rowlayout\"><div class=\"kt-row-column-wrap kt-has-2-columns kt-row-layout-equal kt-tab-layout-inherit kt-mobile-layout-row kt-row-valign-top\">\n<style>.kadence-column_dedba7-a7 > .kt-inside-inner-col,.kadence-column_dedba7-a7 > .kt-inside-inner-col:before{border-top-left-radius:0px;border-top-right-radius:0px;border-bottom-right-radius:0px;border-bottom-left-radius:0px;}.kadence-column_dedba7-a7 > .kt-inside-inner-col:before{opacity:0.3;}.kadence-column_dedba7-a7{position:relative;}<\/style>\n<div class=\"wp-block-kadence-column kadence-column_dedba7-a7\"><div class=\"kt-inside-inner-col\"><style>.kadence-column_b09a43-1c > .kt-inside-inner-col,.kadence-column_b09a43-1c > .kt-inside-inner-col:before{border-top-left-radius:0px;border-top-right-radius:0px;border-bottom-right-radius:0px;border-bottom-left-radius:0px;}.kadence-column_b09a43-1c > .kt-inside-inner-col:before{opacity:0.3;}.kadence-column_b09a43-1c{position:relative;}<\/style>\n<div class=\"wp-block-kadence-column kadence-column_b09a43-1c\"><div class=\"kt-inside-inner-col\"><style>.kadence-column_5716ba-b2 > .kt-inside-inner-col,.kadence-column_5716ba-b2 > .kt-inside-inner-col:before{border-top-left-radius:0px;border-top-right-radius:0px;border-bottom-right-radius:0px;border-bottom-left-radius:0px;}.kadence-column_5716ba-b2 > .kt-inside-inner-col:before{opacity:0.3;}.kadence-column_5716ba-b2{position:relative;}<\/style>\n<div class=\"wp-block-kadence-column kadence-column_5716ba-b2\"><div class=\"kt-inside-inner-col\">\n<h3 class=\"wp-block-heading\">Pierwsze Przedszkole w Zwoleniu o profilu j\u0119zykowym<\/h3>\n\n\n<style>.kadence-column_6d2775-47 > .kt-inside-inner-col,.kadence-column_6d2775-47 > .kt-inside-inner-col:before{border-top-left-radius:0px;border-top-right-radius:0px;border-bottom-right-radius:0px;border-bottom-left-radius:0px;}.kadence-column_6d2775-47 > .kt-inside-inner-col:before{opacity:0.3;}.kadence-column_6d2775-47{position:relative;}<\/style>\n<div class=\"wp-block-kadence-column kadence-column_6d2775-47\"><div class=\"kt-inside-inner-col\">\n<p class=\"has-text-align-left\">Niepubliczne Przedszkole J\u0119zykowe Motylek w Zwoleniu rozpocz\u0119\u0142o dzia\u0142alno\u015b\u0107 7 Wrze\u015bnia 2015r. Jest to pierwsza plac\u00f3wka w Zwoleniu o profilu j\u0119zykowym. Naszym celem jest zapewnienie najlepszej opieki oraz przygotowanie dziecka do rozpocz\u0119cia nauki w szkole. Do ka\u017cdego podopiecznego podchodzimy indywidualnie. Wszystkie dzieci uczestnicz\u0105 w \u0107wiczeniach logopedycznych grupowych i indywidualnych. Na ka\u017cdym etapie nauki i zabawy dzieci maj\u0105 styczno\u015b\u0107 z j\u0119zykiem angielskim. Nauczanie jest zgodne z programem Ministerstwa Edukacji Narodowej. Dodatkowo, za zgod\u0105 rodzic\u00f3w Nasi Milusi\u0144scy uczestnicz\u0105 w zaj\u0119ciach Religii, prowadzone przez Siostr\u0119 Zakonn\u0105. Kadra przedszkola to wykwalifikowani nauczyciele, co daje gwarancj\u0119 kompetencji i zaufania.<\/p>\n<\/div><\/div>\n<\/div><\/div>\n<\/div><\/div>\n<\/div><\/div>\n\n\n<style>.kadence-column_549420-76 > .kt-inside-inner-col,.kadence-column_549420-76 > .kt-inside-inner-col:before{border-top-left-radius:0px;border-top-right-radius:0px;border-bottom-right-radius:0px;border-bottom-left-radius:0px;}.kadence-column_549420-76 > .kt-inside-inner-col:before{opacity:0.3;}.kadence-column_549420-76{text-align:center;}.kadence-column_549420-76{position:relative;}<\/style>\n<div class=\"wp-block-kadence-column kadence-column_549420-76 kb-section-dir-vertical\"><div class=\"kt-inside-inner-col\"><style>.kadence-column_6a7379-6d > .kt-inside-inner-col,.kadence-column_6a7379-6d > .kt-inside-inner-col:before{border-top-left-radius:0px;border-top-right-radius:0px;border-bottom-right-radius:0px;border-bottom-left-radius:0px;}.kadence-column_6a7379-6d > .kt-inside-inner-col:before{opacity:0.3;}.kadence-column_6a7379-6d{position:relative;}<\/style>\n<div class=\"wp-block-kadence-column kadence-column_6a7379-6d\"><div class=\"kt-inside-inner-col\">\n<div style=\"height:141px\" aria-hidden=\"true\" class=\"wp-block-spacer\"><\/div>\n<\/div><\/div>\n\n\n<div class=\"wp-block-image ramka wp-duotone-unset-1\">\n<figure class=\"aligncenter size-full is-resized\"><img loading=\"lazy\" decoding=\"async\" src=\"https:\/\/motylek.com.pl\/wp-content\/uploads\/2023\/04\/Front.png\" alt=\"\" class=\"wp-image-574\" width=\"382\" height=\"365\" srcset=\"https:\/\/motylek.com.pl\/wp-content\/uploads\/2023\/04\/Front.png 382w, https:\/\/motylek.com.pl\/wp-content\/uploads\/2023\/04\/Front-300x287.png 300w\" sizes=\"auto, (max-width: 382px) 100vw, 382px\" \/><\/figure>\n<\/div><\/div><\/div>\n\n<\/div><\/div>\n\n<style>.kb-row-layout-id_3d2907-9f > .kt-row-column-wrap{align-content:start;}:where(.kb-row-layout-id_3d2907-9f > .kt-row-column-wrap) > .wp-block-kadence-column{justify-content:start;}.kb-row-layout-id_3d2907-9f > .kt-row-column-wrap{column-gap:var(--global-kb-gap-md, 2rem);row-gap:var(--global-kb-gap-md, 2rem);max-width:1000px;margin-left:auto;margin-right:auto;padding-top:var(--global-kb-spacing-sm, 1.5rem);padding-bottom:var(--global-kb-spacing-sm, 1.5rem);grid-template-columns:repeat(2, minmax(0, 1fr));}.kb-row-layout-id_3d2907-9f{background-color:rgba(242,132,130,0.48);}.kb-row-layout-id_3d2907-9f > .kt-row-layout-overlay{opacity:0.30;}@media all and (max-width: 1024px){.kb-row-layout-id_3d2907-9f > .kt-row-column-wrap{grid-template-columns:repeat(2, minmax(0, 1fr));}}@media all and (max-width: 767px){.kb-row-layout-id_3d2907-9f > .kt-row-column-wrap{grid-template-columns:minmax(0, 1fr);}}<\/style><div class=\"kb-row-layout-wrap kb-row-layout-id_3d2907-9f alignnone kt-row-has-bg wp-block-kadence-rowlayout\"><div class=\"kt-row-column-wrap kt-has-2-columns kt-row-layout-equal kt-tab-layout-inherit kt-mobile-layout-row kt-row-valign-top\">\n<style>.kadence-column_440b69-d7 > .kt-inside-inner-col,.kadence-column_440b69-d7 > .kt-inside-inner-col:before{border-top-left-radius:0px;border-top-right-radius:0px;border-bottom-right-radius:0px;border-bottom-left-radius:0px;}.kadence-column_440b69-d7 > .kt-inside-inner-col:before{opacity:0.3;}.kadence-column_440b69-d7{position:relative;}<\/style>\n<div class=\"wp-block-kadence-column kadence-column_440b69-d7\"><div class=\"kt-inside-inner-col\"><style>.kadence-column_e77dc8-13 > .kt-inside-inner-col,.kadence-column_e77dc8-13 > .kt-inside-inner-col:before{border-top-left-radius:0px;border-top-right-radius:0px;border-bottom-right-radius:0px;border-bottom-left-radius:0px;}.kadence-column_e77dc8-13 > .kt-inside-inner-col:before{opacity:0.3;}.kadence-column_e77dc8-13{position:relative;}<\/style>\n<div class=\"wp-block-kadence-column kadence-column_e77dc8-13\"><div class=\"kt-inside-inner-col\"><style>.kadence-column_b5aeee-bc > .kt-inside-inner-col,.kadence-column_b5aeee-bc > .kt-inside-inner-col:before{border-top-left-radius:0px;border-top-right-radius:0px;border-bottom-right-radius:0px;border-bottom-left-radius:0px;}.kadence-column_b5aeee-bc > .kt-inside-inner-col:before{opacity:0.3;}.kadence-column_b5aeee-bc{position:relative;}<\/style>\n<div class=\"wp-block-kadence-column kadence-column_b5aeee-bc\"><div class=\"kt-inside-inner-col\"><style>.kadence-column_161a6d-f6 > .kt-inside-inner-col,.kadence-column_161a6d-f6 > .kt-inside-inner-col:before{border-top-left-radius:0px;border-top-right-radius:0px;border-bottom-right-radius:0px;border-bottom-left-radius:0px;}.kadence-column_161a6d-f6 > .kt-inside-inner-col:before{opacity:0.3;}.kadence-column_161a6d-f6{position:relative;}<\/style>\n<div class=\"wp-block-kadence-column kadence-column_161a6d-f6\"><div class=\"kt-inside-inner-col\"><style>.kadence-column_57ebbe-b1 > .kt-inside-inner-col,.kadence-column_57ebbe-b1 > .kt-inside-inner-col:before{border-top-left-radius:0px;border-top-right-radius:0px;border-bottom-right-radius:0px;border-bottom-left-radius:0px;}.kadence-column_57ebbe-b1 > .kt-inside-inner-col:before{opacity:0.3;}.kadence-column_57ebbe-b1{position:relative;}<\/style>\n<div class=\"wp-block-kadence-column kadence-column_57ebbe-b1\"><div class=\"kt-inside-inner-col\">\n<div style=\"height:37px\" aria-hidden=\"true\" class=\"wp-block-spacer\"><\/div>\n<\/div><\/div>\n\n\n<div class=\"wp-block-image wp-duotone-unset-1 is-style-default\">\n<figure class=\"aligncenter size-full is-resized\"><img loading=\"lazy\" decoding=\"async\" src=\"https:\/\/motylek.com.pl\/wp-content\/uploads\/2023\/04\/oferta.jpg\" alt=\"\" class=\"wp-image-585\" width=\"444\" height=\"294\" srcset=\"https:\/\/motylek.com.pl\/wp-content\/uploads\/2023\/04\/oferta.jpg 1600w, https:\/\/motylek.com.pl\/wp-content\/uploads\/2023\/04\/oferta-300x199.jpg 300w, https:\/\/motylek.com.pl\/wp-content\/uploads\/2023\/04\/oferta-1024x681.jpg 1024w, https:\/\/motylek.com.pl\/wp-content\/uploads\/2023\/04\/oferta-768x510.jpg 768w, https:\/\/motylek.com.pl\/wp-content\/uploads\/2023\/04\/oferta-1536x1021.jpg 1536w\" sizes=\"auto, (max-width: 444px) 100vw, 444px\" \/><\/figure>\n<\/div><\/div><\/div>\n<\/div><\/div>\n<\/div><\/div>\n<\/div><\/div>\n\n\n<style>.kadence-column_79ddf8-93 > .kt-inside-inner-col,.kadence-column_79ddf8-93 > .kt-inside-inner-col:before{border-top-left-radius:0px;border-top-right-radius:0px;border-bottom-right-radius:0px;border-bottom-left-radius:0px;}.kadence-column_79ddf8-93 > .kt-inside-inner-col:before{opacity:0.3;}.kadence-column_79ddf8-93{text-align:center;}.kadence-column_79ddf8-93{position:relative;}<\/style>\n<div class=\"wp-block-kadence-column kadence-column_79ddf8-93 kb-section-dir-vertical\"><div class=\"kt-inside-inner-col\"><style>.kadence-column_174ed5-c1 > .kt-inside-inner-col,.kadence-column_174ed5-c1 > .kt-inside-inner-col:before{border-top-left-radius:0px;border-top-right-radius:0px;border-bottom-right-radius:0px;border-bottom-left-radius:0px;}.kadence-column_174ed5-c1 > .kt-inside-inner-col:before{opacity:0.3;}.kadence-column_174ed5-c1{position:relative;}<\/style>\n<div class=\"wp-block-kadence-column kadence-column_174ed5-c1\"><div class=\"kt-inside-inner-col\">\n<h3 class=\"wp-block-heading\">Oferta<\/h3>\n\n\n\n<p class=\"has-text-align-left\">Czynne przez ca\u0142y rok<br>Godziny pracy 7:00 \u2013 18:00<br>Nauka j\u0119zyka angielskiego metod\u0105 Total Physical Response<br>Wykwalifikowana kadra pedagogiczna<br>Smaczne i zdrowe posi\u0142ki przygotowane we w\u0142asnej kuchni<br>Ciekawe i r\u00f3\u017cnorodne zaj\u0119cia edukacyjne<br>Grupowe i indywidualne zaj\u0119cia logopedyczne<br>W\u0142asny plac zabaw<br>Zapisy przez ca\u0142y rok<br>Szczeg\u00f3\u0142y oferty<br>Wa\u017cne dokumenty<\/p>\n<\/div><\/div>\n<\/div><\/div>\n\n<\/div><\/div>\n\n<style>.kb-row-layout-id_ca414b-d4 > .kt-row-column-wrap{align-content:start;}:where(.kb-row-layout-id_ca414b-d4 > .kt-row-column-wrap) > .wp-block-kadence-column{justify-content:start;}.kb-row-layout-id_ca414b-d4 > .kt-row-column-wrap{column-gap:var(--global-kb-gap-md, 2rem);row-gap:var(--global-kb-gap-md, 2rem);max-width:1000px;margin-left:auto;margin-right:auto;padding-top:var(--global-kb-spacing-sm, 1.5rem);padding-bottom:var(--global-kb-spacing-sm, 1.5rem);grid-template-columns:repeat(2, minmax(0, 1fr));}.kb-row-layout-id_ca414b-d4{background-color:#ace9ac;}.kb-row-layout-id_ca414b-d4 > .kt-row-layout-overlay{opacity:0.30;}@media all and (max-width: 1024px){.kb-row-layout-id_ca414b-d4 > .kt-row-column-wrap{grid-template-columns:repeat(2, minmax(0, 1fr));}}@media all and (max-width: 767px){.kb-row-layout-id_ca414b-d4 > .kt-row-column-wrap{grid-template-columns:minmax(0, 1fr);}}<\/style><div class=\"kb-row-layout-wrap kb-row-layout-id_ca414b-d4 alignnone kt-row-has-bg wp-block-kadence-rowlayout\"><div class=\"kt-row-column-wrap kt-has-2-columns kt-row-layout-equal kt-tab-layout-inherit kt-mobile-layout-row kt-row-valign-top\">\n<style>.kadence-column_57d2c9-0d > .kt-inside-inner-col,.kadence-column_57d2c9-0d > .kt-inside-inner-col:before{border-top-left-radius:0px;border-top-right-radius:0px;border-bottom-right-radius:0px;border-bottom-left-radius:0px;}.kadence-column_57d2c9-0d > .kt-inside-inner-col:before{opacity:0.3;}.kadence-column_57d2c9-0d{position:relative;}<\/style>\n<div class=\"wp-block-kadence-column kadence-column_57d2c9-0d\"><div class=\"kt-inside-inner-col\"><style>.kadence-column_7f73c4-ac > .kt-inside-inner-col,.kadence-column_7f73c4-ac > .kt-inside-inner-col:before{border-top-left-radius:0px;border-top-right-radius:0px;border-bottom-right-radius:0px;border-bottom-left-radius:0px;}.kadence-column_7f73c4-ac > .kt-inside-inner-col:before{opacity:0.3;}.kadence-column_7f73c4-ac{position:relative;}<\/style>\n<div class=\"wp-block-kadence-column kadence-column_7f73c4-ac\"><div class=\"kt-inside-inner-col\"><style>.kadence-column_010a48-cd > .kt-inside-inner-col,.kadence-column_010a48-cd > .kt-inside-inner-col:before{border-top-left-radius:0px;border-top-right-radius:0px;border-bottom-right-radius:0px;border-bottom-left-radius:0px;}.kadence-column_010a48-cd > .kt-inside-inner-col:before{opacity:0.3;}.kadence-column_010a48-cd{position:relative;}<\/style>\n<div class=\"wp-block-kadence-column kadence-column_010a48-cd\"><div class=\"kt-inside-inner-col\">\n<h3 class=\"wp-block-heading\">Godziny pracy<\/h3>\n\n\n<style>.kadence-column_d0f1fe-67 > .kt-inside-inner-col,.kadence-column_d0f1fe-67 > .kt-inside-inner-col:before{border-top-left-radius:0px;border-top-right-radius:0px;border-bottom-right-radius:0px;border-bottom-left-radius:0px;}.kadence-column_d0f1fe-67 > .kt-inside-inner-col:before{opacity:0.3;}.kadence-column_d0f1fe-67{position:relative;}<\/style>\n<div class=\"wp-block-kadence-column kadence-column_d0f1fe-67\"><div class=\"kt-inside-inner-col\">\n<ul class=\"wp-block-list\">\n<li>Poniedzia\u0142ek: 07:00\u201318:00<\/li>\n\n\n\n<li>Wtorek: 07:00\u201318:00<\/li>\n\n\n\n<li>\u015aroda: 07:00\u201318:00<\/li>\n\n\n\n<li>Czwartek: 07:00\u201318:00<\/li>\n\n\n\n<li>Pi\u0105tek: 07:00\u201318:00<\/li>\n\n\n\n<li>Sobota: Nieczynne<\/li>\n\n\n\n<li>Niedziela: Nieczynne<\/li>\n<\/ul>\n<\/div><\/div>\n<\/div><\/div>\n<\/div><\/div>\n<\/div><\/div>\n\n\n<style>.kadence-column_b88854-b2 > .kt-inside-inner-col,.kadence-column_b88854-b2 > .kt-inside-inner-col:before{border-top-left-radius:0px;border-top-right-radius:0px;border-bottom-right-radius:0px;border-bottom-left-radius:0px;}.kadence-column_b88854-b2 > .kt-inside-inner-col:before{opacity:0.3;}.kadence-column_b88854-b2{text-align:center;}.kadence-column_b88854-b2{position:relative;}<\/style>\n<div class=\"wp-block-kadence-column kadence-column_b88854-b2 kb-section-dir-vertical\"><div class=\"kt-inside-inner-col\"><style>.kadence-column_18b475-8d > .kt-inside-inner-col,.kadence-column_18b475-8d > .kt-inside-inner-col:before{border-top-left-radius:0px;border-top-right-radius:0px;border-bottom-right-radius:0px;border-bottom-left-radius:0px;}.kadence-column_18b475-8d > .kt-inside-inner-col:before{opacity:0.3;}.kadence-column_18b475-8d{position:relative;}<\/style>\n<div class=\"wp-block-kadence-column kadence-column_18b475-8d\"><div class=\"kt-inside-inner-col\">\n<div style=\"height:16px\" aria-hidden=\"true\" class=\"wp-block-spacer\"><\/div>\n<\/div><\/div>\n\n\n<div class=\"wp-block-image wp-duotone-unset-1 wp-duotone-unset-2\">\n<figure class=\"aligncenter size-large is-resized\"><img loading=\"lazy\" decoding=\"async\" src=\"https:\/\/motylek.com.pl\/wp-content\/uploads\/2023\/04\/baby-g18a8c43fe_1920-1024x762.jpg\" alt=\"\" class=\"wp-image-595\" width=\"445\" height=\"331\" srcset=\"https:\/\/motylek.com.pl\/wp-content\/uploads\/2023\/04\/baby-g18a8c43fe_1920-1024x762.jpg 1024w, https:\/\/motylek.com.pl\/wp-content\/uploads\/2023\/04\/baby-g18a8c43fe_1920-300x223.jpg 300w, https:\/\/motylek.com.pl\/wp-content\/uploads\/2023\/04\/baby-g18a8c43fe_1920-768x571.jpg 768w, https:\/\/motylek.com.pl\/wp-content\/uploads\/2023\/04\/baby-g18a8c43fe_1920-1536x1142.jpg 1536w, https:\/\/motylek.com.pl\/wp-content\/uploads\/2023\/04\/baby-g18a8c43fe_1920.jpg 1600w\" sizes=\"auto, (max-width: 445px) 100vw, 445px\" \/><\/figure>\n<\/div><\/div><\/div>\n\n<\/div><\/div>","protected":false},"excerpt":{"rendered":"<p>Pierwsze Przedszkole w Zwoleniu o profilu j\u0119zykowym Niepubliczne Przedszkole J\u0119zykowe Motylek w Zwoleniu rozpocz\u0119\u0142o dzia\u0142alno\u015b\u0107 7 Wrze\u015bnia 2015r. Jest to pierwsza plac\u00f3wka w Zwoleniu o profilu j\u0119zykowym. Naszym celem jest zapewnienie najlepszej opieki oraz przygotowanie dziecka do rozpocz\u0119cia nauki w szkole. Do ka\u017cdego podopiecznego podchodzimy indywidualnie. Wszystkie dzieci uczestnicz\u0105 w \u0107wiczeniach logopedycznych grupowych i indywidualnych&#8230;.<\/p>\n","protected":false},"author":1,"featured_media":0,"parent":0,"menu_order":0,"comment_status":"closed","ping_status":"closed","template":"","meta":{"_eb_attr":"","_kad_post_transparent":"","_kad_post_title":"","_kad_post_layout":"","_kad_post_sidebar_id":"","_kad_post_content_style":"","_kad_post_vertical_padding":"","_kad_post_feature":"","_kad_post_feature_position":"","_kad_post_header":false,"_kad_post_footer":false,"footnotes":""},"class_list":["post-573","page","type-page","status-publish","hentry"],"_links":{"self":[{"href":"https:\/\/motylek.com.pl\/index.php\/wp-json\/wp\/v2\/pages\/573","targetHints":{"allow":["GET"]}}],"collection":[{"href":"https:\/\/motylek.com.pl\/index.php\/wp-json\/wp\/v2\/pages"}],"about":[{"href":"https:\/\/motylek.com.pl\/index.php\/wp-json\/wp\/v2\/types\/page"}],"author":[{"embeddable":true,"href":"https:\/\/motylek.com.pl\/index.php\/wp-json\/wp\/v2\/users\/1"}],"replies":[{"embeddable":true,"href":"https:\/\/motylek.com.pl\/index.php\/wp-json\/wp\/v2\/comments?post=573"}],"version-history":[{"count":13,"href":"https:\/\/motylek.com.pl\/index.php\/wp-json\/wp\/v2\/pages\/573\/revisions"}],"predecessor-version":[{"id":598,"href":"https:\/\/motylek.com.pl\/index.php\/wp-json\/wp\/v2\/pages\/573\/revisions\/598"}],"wp:attachment":[{"href":"https:\/\/motylek.com.pl\/index.php\/wp-json\/wp\/v2\/media?parent=573"}],"curies":[{"name":"wp","href":"https:\/\/api.w.org\/{rel}","templated":true}]}}